{"id":8794,"date":"2024-01-31T12:47:38","date_gmt":"2024-01-31T12:47:38","guid":{"rendered":"https:\/\/paperbois.dk\/?post_type=product&#038;p=8794"},"modified":"2024-09-30T16:32:08","modified_gmt":"2024-09-30T16:32:08","slug":"califorinia-dream-no7-plakat","status":"publish","type":"product","link":"https:\/\/paperbois.dk\/en\/shop\/plakater\/byer\/califorinia-dream-no7-plakat\/","title":{"rendered":"California Dream No7 poster"},"content":{"rendered":"<p><img fetchpriority=\"high\" decoding=\"async\" class=\"alignnone wp-image-8700 size-full\" src=\"https:\/\/paperbois.dk\/wp-content\/uploads\/2024\/01\/California07_02-scaled.jpg\" alt=\"califorinia-dream-no7-plakat\" width=\"2560\" height=\"2201\" srcset=\"https:\/\/paperbois.dk\/wp-content\/uploads\/2024\/01\/California07_02-scaled.jpg 2560w, https:\/\/paperbois.dk\/wp-content\/uploads\/2024\/01\/California07_02-scaled-600x516.jpg 600w, https:\/\/paperbois.dk\/wp-content\/uploads\/2024\/01\/California07_02-300x258.jpg 300w, https:\/\/paperbois.dk\/wp-content\/uploads\/2024\/01\/California07_02-1024x880.jpg 1024w, https:\/\/paperbois.dk\/wp-content\/uploads\/2024\/01\/California07_02-768x660.jpg 768w, https:\/\/paperbois.dk\/wp-content\/uploads\/2024\/01\/California07_02-1536x1320.jpg 1536w, https:\/\/paperbois.dk\/wp-content\/uploads\/2024\/01\/California07_02-2048x1761.jpg 2048w, https:\/\/paperbois.dk\/wp-content\/uploads\/2024\/01\/California07_02-14x12.jpg 14w\" sizes=\"(max-width: 2560px) 100vw, 2560px\" \/><\/p>","protected":false},"excerpt":{"rendered":"<p>&#8220;California Dream&#8221; plakat serien er ikke blot et stykke v\u00e6gkunst, men en rejse gennem tid og stil. Denne plakat serie er det ideelle supplement til ethvert rum, der \u00f8nsker at indfange \u00e5nden af Californien og den gyldne \u00e6ra af Art Deco-design.\u00a0 Inspiration hentet fra det verdenskendte spil <a href=\"https:\/\/www.rockstargames.com\/gta-v\" target=\"_blank\" rel=\"noopener\">Grand Theft Auto.<\/a><\/p>","protected":false},"featured_media":8696,"comment_status":"open","ping_status":"closed","template":"","meta":{"inline_featured_image":false},"product_brand":[],"product_cat":[151,243],"product_tag":[451,429,262,450],"class_list":{"0":"post-8794","1":"product","2":"type-product","3":"status-publish","4":"has-post-thumbnail","6":"product_cat-byer","7":"product_cat-originals","8":"product_tag-art","9":"product_tag-california-dreams","10":"product_tag-kunst","11":"product_tag-lande","12":"pa_artist-paperbois","13":"pa_farve-blaa","14":"pa_farve-gul","15":"pa_farve-lilla","16":"pa_farve-orange","17":"pa_ramme-hvid-egetrae","18":"pa_ramme-ingen","19":"pa_ramme-lys-egetrae","20":"pa_ramme-moerk-egetrae","21":"pa_ramme-sort-egetrae","22":"pa_stoerrelse-50x70","23":"pa_stoerrelse-70x100","24":"pa_stoerrelse-a3","25":"pa_stoerrelse-a4","27":"first","28":"instock","29":"taxable","30":"shipping-taxable","31":"purchasable","32":"product-type-variable","33":"has-default-attributes"},"yoast_head":"<!-- This site is optimized with the Yoast SEO plugin v27.5 - https:\/\/yoast.com\/product\/yoast-seo-wordpress\/ -->\n<title>Califorinia Dream No7 plakat | Paperbois<\/title>\n<meta name=\"description\" content=\"&quot;California Dream&quot; plakat serien er ikke blot et stykke v\u00e6gkunst, men en rejse gennem tid og stil. \u00c5nden af den gyldne \u00e6ra af Art Deco-design.\" \/>\n<meta name=\"robots\" content=\"index, follow, max-snippet:-1, max-image-preview:large, max-video-preview:-1\" \/>\n<link rel=\"canonical\" href=\"https:\/\/paperbois.dk\/en\/shop\/plakater\/byer\/califorinia-dream-no7-plakat\/\" \/>\n<meta property=\"og:locale\" content=\"en_US\" \/>\n<meta property=\"og:type\" content=\"article\" \/>\n<meta property=\"og:title\" content=\"Califorinia Dream No7 plakat | Paperbois\" \/>\n<meta property=\"og:description\" content=\"&quot;California Dream&quot; plakat serien er ikke blot et stykke v\u00e6gkunst, men en rejse gennem tid og stil. \u00c5nden af den gyldne \u00e6ra af Art Deco-design.\" \/>\n<meta property=\"og:url\" content=\"https:\/\/paperbois.dk\/en\/shop\/plakater\/byer\/califorinia-dream-no7-plakat\/\" \/>\n<meta property=\"og:site_name\" content=\"Paperbois\" \/>\n<meta property=\"article:publisher\" content=\"https:\/\/www.facebook.com\/profile.php?id=100088512520001\" \/>\n<meta property=\"article:modified_time\" content=\"2024-09-30T16:32:08+00:00\" \/>\n<meta property=\"og:image\" content=\"https:\/\/paperbois.dk\/wp-content\/uploads\/2024\/01\/California07.jpg\" \/>\n\t<meta property=\"og:image:width\" content=\"1815\" \/>\n\t<meta property=\"og:image:height\" content=\"2364\" \/>\n\t<meta property=\"og:image:type\" content=\"image\/jpeg\" \/>\n<meta name=\"twitter:card\" content=\"summary_large_image\" \/>\n<meta name=\"twitter:label1\" content=\"Est. reading time\" \/>\n\t<meta name=\"twitter:data1\" content=\"1 minute\" \/>\n<script type=\"application\/ld+json\" class=\"yoast-schema-graph\">{\"@context\":\"https:\\\/\\\/schema.org\",\"@graph\":[{\"@type\":\"WebPage\",\"@id\":\"https:\\\/\\\/paperbois.dk\\\/shop\\\/plakater\\\/byer\\\/califorinia-dream-no7-plakat\\\/\",\"url\":\"https:\\\/\\\/paperbois.dk\\\/shop\\\/plakater\\\/byer\\\/califorinia-dream-no7-plakat\\\/\",\"name\":\"Califorinia Dream No7 plakat | Paperbois\",\"isPartOf\":{\"@id\":\"https:\\\/\\\/paperbois.dk\\\/#website\"},\"primaryImageOfPage\":{\"@id\":\"https:\\\/\\\/paperbois.dk\\\/shop\\\/plakater\\\/byer\\\/califorinia-dream-no7-plakat\\\/#primaryimage\"},\"image\":{\"@id\":\"https:\\\/\\\/paperbois.dk\\\/shop\\\/plakater\\\/byer\\\/califorinia-dream-no7-plakat\\\/#primaryimage\"},\"thumbnailUrl\":\"https:\\\/\\\/paperbois.dk\\\/wp-content\\\/uploads\\\/2024\\\/01\\\/California07.jpg\",\"datePublished\":\"2024-01-31T12:47:38+00:00\",\"dateModified\":\"2024-09-30T16:32:08+00:00\",\"description\":\"\\\"California Dream\\\" plakat serien er ikke blot et stykke v\u00e6gkunst, men en rejse gennem tid og stil. \u00c5nden af den gyldne \u00e6ra af Art Deco-design.\",\"breadcrumb\":{\"@id\":\"https:\\\/\\\/paperbois.dk\\\/shop\\\/plakater\\\/byer\\\/califorinia-dream-no7-plakat\\\/#breadcrumb\"},\"inLanguage\":\"en-US\",\"potentialAction\":[{\"@type\":\"ReadAction\",\"target\":[\"https:\\\/\\\/paperbois.dk\\\/shop\\\/plakater\\\/byer\\\/califorinia-dream-no7-plakat\\\/\"]}]},{\"@type\":\"ImageObject\",\"inLanguage\":\"en-US\",\"@id\":\"https:\\\/\\\/paperbois.dk\\\/shop\\\/plakater\\\/byer\\\/califorinia-dream-no7-plakat\\\/#primaryimage\",\"url\":\"https:\\\/\\\/paperbois.dk\\\/wp-content\\\/uploads\\\/2024\\\/01\\\/California07.jpg\",\"contentUrl\":\"https:\\\/\\\/paperbois.dk\\\/wp-content\\\/uploads\\\/2024\\\/01\\\/California07.jpg\",\"width\":1815,\"height\":2364,\"caption\":\"Califorina Dream No7 plakat\"},{\"@type\":\"BreadcrumbList\",\"@id\":\"https:\\\/\\\/paperbois.dk\\\/shop\\\/plakater\\\/byer\\\/califorinia-dream-no7-plakat\\\/#breadcrumb\",\"itemListElement\":[{\"@type\":\"ListItem\",\"position\":1,\"name\":\"Hjem\",\"item\":\"https:\\\/\\\/paperbois.dk\\\/\"},{\"@type\":\"ListItem\",\"position\":2,\"name\":\"Shop\",\"item\":\"https:\\\/\\\/paperbois.dk\\\/shop\\\/\"},{\"@type\":\"ListItem\",\"position\":3,\"name\":\"Califorinia Dream No7 plakat\"}]},{\"@type\":\"WebSite\",\"@id\":\"https:\\\/\\\/paperbois.dk\\\/#website\",\"url\":\"https:\\\/\\\/paperbois.dk\\\/\",\"name\":\"Paperbois\",\"description\":\"Plakater og kunst\",\"publisher\":{\"@id\":\"https:\\\/\\\/paperbois.dk\\\/#organization\"},\"potentialAction\":[{\"@type\":\"SearchAction\",\"target\":{\"@type\":\"EntryPoint\",\"urlTemplate\":\"https:\\\/\\\/paperbois.dk\\\/?s={search_term_string}\"},\"query-input\":{\"@type\":\"PropertyValueSpecification\",\"valueRequired\":true,\"valueName\":\"search_term_string\"}}],\"inLanguage\":\"en-US\"},{\"@type\":\"Organization\",\"@id\":\"https:\\\/\\\/paperbois.dk\\\/#organization\",\"name\":\"Paperbois\",\"url\":\"https:\\\/\\\/paperbois.dk\\\/\",\"logo\":{\"@type\":\"ImageObject\",\"inLanguage\":\"en-US\",\"@id\":\"https:\\\/\\\/paperbois.dk\\\/#\\\/schema\\\/logo\\\/image\\\/\",\"url\":\"https:\\\/\\\/paperbois.dk\\\/wp-content\\\/uploads\\\/2022\\\/08\\\/paperbois_website_logo_1.svg\",\"contentUrl\":\"https:\\\/\\\/paperbois.dk\\\/wp-content\\\/uploads\\\/2022\\\/08\\\/paperbois_website_logo_1.svg\",\"width\":1436,\"height\":340,\"caption\":\"Paperbois\"},\"image\":{\"@id\":\"https:\\\/\\\/paperbois.dk\\\/#\\\/schema\\\/logo\\\/image\\\/\"},\"sameAs\":[\"https:\\\/\\\/www.facebook.com\\\/profile.php?id=100088512520001\",\"https:\\\/\\\/www.instagram.com\\\/paperbois.dk\\\/\"]}]}<\/script>\n<!-- \/ Yoast SEO plugin. -->","yoast_head_json":{"title":"Califorinia Dream No7 plakat | Paperbois","description":"\"California Dream\" plakat serien er ikke blot et stykke v\u00e6gkunst, men en rejse gennem tid og stil. \u00c5nden af den gyldne \u00e6ra af Art Deco-design.","robots":{"index":"index","follow":"follow","max-snippet":"max-snippet:-1","max-image-preview":"max-image-preview:large","max-video-preview":"max-video-preview:-1"},"canonical":"https:\/\/paperbois.dk\/en\/shop\/plakater\/byer\/califorinia-dream-no7-plakat\/","og_locale":"en_US","og_type":"article","og_title":"Califorinia Dream No7 plakat | Paperbois","og_description":"\"California Dream\" plakat serien er ikke blot et stykke v\u00e6gkunst, men en rejse gennem tid og stil. \u00c5nden af den gyldne \u00e6ra af Art Deco-design.","og_url":"https:\/\/paperbois.dk\/en\/shop\/plakater\/byer\/califorinia-dream-no7-plakat\/","og_site_name":"Paperbois","article_publisher":"https:\/\/www.facebook.com\/profile.php?id=100088512520001","article_modified_time":"2024-09-30T16:32:08+00:00","og_image":[{"width":1815,"height":2364,"url":"https:\/\/paperbois.dk\/wp-content\/uploads\/2024\/01\/California07.jpg","type":"image\/jpeg"}],"twitter_card":"summary_large_image","twitter_misc":{"Est. reading time":"1 minute"},"schema":{"@context":"https:\/\/schema.org","@graph":[{"@type":"WebPage","@id":"https:\/\/paperbois.dk\/shop\/plakater\/byer\/califorinia-dream-no7-plakat\/","url":"https:\/\/paperbois.dk\/shop\/plakater\/byer\/califorinia-dream-no7-plakat\/","name":"Califorinia Dream No7 plakat | Paperbois","isPartOf":{"@id":"https:\/\/paperbois.dk\/#website"},"primaryImageOfPage":{"@id":"https:\/\/paperbois.dk\/shop\/plakater\/byer\/califorinia-dream-no7-plakat\/#primaryimage"},"image":{"@id":"https:\/\/paperbois.dk\/shop\/plakater\/byer\/califorinia-dream-no7-plakat\/#primaryimage"},"thumbnailUrl":"https:\/\/paperbois.dk\/wp-content\/uploads\/2024\/01\/California07.jpg","datePublished":"2024-01-31T12:47:38+00:00","dateModified":"2024-09-30T16:32:08+00:00","description":"\"California Dream\" plakat serien er ikke blot et stykke v\u00e6gkunst, men en rejse gennem tid og stil. \u00c5nden af den gyldne \u00e6ra af Art Deco-design.","breadcrumb":{"@id":"https:\/\/paperbois.dk\/shop\/plakater\/byer\/califorinia-dream-no7-plakat\/#breadcrumb"},"inLanguage":"en-US","potentialAction":[{"@type":"ReadAction","target":["https:\/\/paperbois.dk\/shop\/plakater\/byer\/califorinia-dream-no7-plakat\/"]}]},{"@type":"ImageObject","inLanguage":"en-US","@id":"https:\/\/paperbois.dk\/shop\/plakater\/byer\/califorinia-dream-no7-plakat\/#primaryimage","url":"https:\/\/paperbois.dk\/wp-content\/uploads\/2024\/01\/California07.jpg","contentUrl":"https:\/\/paperbois.dk\/wp-content\/uploads\/2024\/01\/California07.jpg","width":1815,"height":2364,"caption":"Califorina Dream No7 plakat"},{"@type":"BreadcrumbList","@id":"https:\/\/paperbois.dk\/shop\/plakater\/byer\/califorinia-dream-no7-plakat\/#breadcrumb","itemListElement":[{"@type":"ListItem","position":1,"name":"Hjem","item":"https:\/\/paperbois.dk\/"},{"@type":"ListItem","position":2,"name":"Shop","item":"https:\/\/paperbois.dk\/shop\/"},{"@type":"ListItem","position":3,"name":"Califorinia Dream No7 plakat"}]},{"@type":"WebSite","@id":"https:\/\/paperbois.dk\/#website","url":"https:\/\/paperbois.dk\/","name":"Paperbois","description":"Plakater og kunst","publisher":{"@id":"https:\/\/paperbois.dk\/#organization"},"potentialAction":[{"@type":"SearchAction","target":{"@type":"EntryPoint","urlTemplate":"https:\/\/paperbois.dk\/?s={search_term_string}"},"query-input":{"@type":"PropertyValueSpecification","valueRequired":true,"valueName":"search_term_string"}}],"inLanguage":"en-US"},{"@type":"Organization","@id":"https:\/\/paperbois.dk\/#organization","name":"Paperbois","url":"https:\/\/paperbois.dk\/","logo":{"@type":"ImageObject","inLanguage":"en-US","@id":"https:\/\/paperbois.dk\/#\/schema\/logo\/image\/","url":"https:\/\/paperbois.dk\/wp-content\/uploads\/2022\/08\/paperbois_website_logo_1.svg","contentUrl":"https:\/\/paperbois.dk\/wp-content\/uploads\/2022\/08\/paperbois_website_logo_1.svg","width":1436,"height":340,"caption":"Paperbois"},"image":{"@id":"https:\/\/paperbois.dk\/#\/schema\/logo\/image\/"},"sameAs":["https:\/\/www.facebook.com\/profile.php?id=100088512520001","https:\/\/www.instagram.com\/paperbois.dk\/"]}]}},"jetpack_sharing_enabled":true,"_links":{"self":[{"href":"https:\/\/paperbois.dk\/en\/wp-json\/wp\/v2\/product\/8794","targetHints":{"allow":["GET"]}}],"collection":[{"href":"https:\/\/paperbois.dk\/en\/wp-json\/wp\/v2\/product"}],"about":[{"href":"https:\/\/paperbois.dk\/en\/wp-json\/wp\/v2\/types\/product"}],"replies":[{"embeddable":true,"href":"https:\/\/paperbois.dk\/en\/wp-json\/wp\/v2\/comments?post=8794"}],"version-history":[{"count":0,"href":"https:\/\/paperbois.dk\/en\/wp-json\/wp\/v2\/product\/8794\/revisions"}],"wp:featuredmedia":[{"embeddable":true,"href":"https:\/\/paperbois.dk\/en\/wp-json\/wp\/v2\/media\/8696"}],"wp:attachment":[{"href":"https:\/\/paperbois.dk\/en\/wp-json\/wp\/v2\/media?parent=8794"}],"wp:term":[{"taxonomy":"product_brand","embeddable":true,"href":"https:\/\/paperbois.dk\/en\/wp-json\/wp\/v2\/product_brand?post=8794"},{"taxonomy":"product_cat","embeddable":true,"href":"https:\/\/paperbois.dk\/en\/wp-json\/wp\/v2\/product_cat?post=8794"},{"taxonomy":"product_tag","embeddable":true,"href":"https:\/\/paperbois.dk\/en\/wp-json\/wp\/v2\/product_tag?post=8794"}],"curies":[{"name":"wp","href":"https:\/\/api.w.org\/{rel}","templated":true}]}}