{"id":8510,"date":"2023-11-29T16:04:36","date_gmt":"2023-11-29T16:04:36","guid":{"rendered":"https:\/\/paperbois.dk\/?post_type=product&#038;p=8510"},"modified":"2026-03-21T12:05:58","modified_gmt":"2026-03-21T12:05:58","slug":"palestine-plakat","status":"publish","type":"product","link":"https:\/\/paperbois.dk\/en\/shop\/plakater\/byer\/palestine-plakat\/","title":{"rendered":"Palestine poster"},"content":{"rendered":"<p><img fetchpriority=\"high\" decoding=\"async\" class=\"alignnone wp-image-8529 size-full\" src=\"https:\/\/paperbois.dk\/wp-content\/uploads\/2023\/11\/Palestine_02.jpg\" alt=\"art print with palestine colors and shapes\" width=\"1080\" height=\"1350\" srcset=\"https:\/\/paperbois.dk\/wp-content\/uploads\/2023\/11\/Palestine_02.jpg 1080w, https:\/\/paperbois.dk\/wp-content\/uploads\/2023\/11\/Palestine_02-600x750.jpg 600w, https:\/\/paperbois.dk\/wp-content\/uploads\/2023\/11\/Palestine_02-240x300.jpg 240w, https:\/\/paperbois.dk\/wp-content\/uploads\/2023\/11\/Palestine_02-819x1024.jpg 819w, https:\/\/paperbois.dk\/wp-content\/uploads\/2023\/11\/Palestine_02-768x960.jpg 768w, https:\/\/paperbois.dk\/wp-content\/uploads\/2023\/11\/Palestine_02-10x12.jpg 10w\" sizes=\"(max-width: 1080px) 100vw, 1080px\" \/><\/p>","protected":false},"excerpt":{"rendered":"<p>We support Palestine! Og vi er supportere af kunst, frem for krig. Vis din st\u00f8tte eller lad v\u00e6r, uanset vil denne kunstplakat pynte i dit hjem.<\/p>\n<p>Denne poster illustrerer de klassiske m\u00f8nstre fra keffiyeh og farverne fra Pal\u00e6stinas flag. En tricolore i de panarabiske farver med en r\u00f8d trekant t\u00e6ttest p\u00e5 flagstangen. Derudover er der diverse fredssymboler. Teksten &#8220;From the river to the sea, palestine will be free&#8221; er ogs\u00e5 til at finde. Her f\u00e5r du en ikke bare en smuk plakat, men ogs\u00e5 muligheden for at st\u00f8tte <a href=\"https:\/\/msf.dk\/\">L\u00e6ger Uden Gr\u00e6nser<\/a>, da alt overskud g\u00e5r til netop denne organisation. PeaceLove&amp;Freedom<\/p>\n<p>&nbsp;<\/p>\n<p>Se ogs\u00e5 vores plakater med andre lande og byer <a href=\"https:\/\/paperbois.dk\/en\/kategori\/plakater\/byer\/\">her.<\/a><\/p>\n<p>&#8211; Paperbois.dk<\/p>","protected":false},"featured_media":8536,"comment_status":"open","ping_status":"closed","template":"","meta":{"inline_featured_image":false},"product_brand":[],"product_cat":[151,243],"product_tag":[451,262,450,455,437],"class_list":{"0":"post-8510","1":"product","2":"type-product","3":"status-publish","4":"has-post-thumbnail","6":"product_cat-byer","7":"product_cat-originals","8":"product_tag-art","9":"product_tag-kunst","10":"product_tag-lande","11":"product_tag-palestina","12":"product_tag-plakat","13":"pa_artist-paperbois","14":"pa_farve-blaa","15":"pa_farve-hvid","16":"pa_farve-sort","17":"pa_ramme-hvid-egetrae","18":"pa_ramme-ingen","19":"pa_ramme-lys-egetrae","20":"pa_ramme-moerk-egetrae","21":"pa_ramme-sort-egetrae","22":"pa_stoerrelse-50x70","23":"pa_stoerrelse-70x100","24":"pa_stoerrelse-a3","25":"pa_stoerrelse-a4","27":"first","28":"instock","29":"taxable","30":"shipping-taxable","31":"purchasable","32":"product-type-variable","33":"has-default-attributes"},"yoast_head":"<!-- This site is optimized with the Yoast SEO plugin v27.5 - https:\/\/yoast.com\/product\/yoast-seo-wordpress\/ -->\n<title>Palestine plakat | Paperbois<\/title>\n<meta name=\"description\" content=\"We support Palestine! Og vi er supportere af art, frem for krig. Vis din st\u00f8tte eller lad v\u00e6r, uanset vil denne kunst plakat pynte i dit hjem.\" \/>\n<meta name=\"robots\" content=\"index, follow, max-snippet:-1, max-image-preview:large, max-video-preview:-1\" \/>\n<link rel=\"canonical\" href=\"https:\/\/paperbois.dk\/en\/shop\/plakater\/byer\/palestine-plakat\/\" \/>\n<meta property=\"og:locale\" content=\"en_US\" \/>\n<meta property=\"og:type\" content=\"article\" \/>\n<meta property=\"og:title\" content=\"Palestine plakat | Paperbois\" \/>\n<meta property=\"og:description\" content=\"We support Palestine! Og vi er supportere af art, frem for krig. Vis din st\u00f8tte eller lad v\u00e6r, uanset vil denne kunst plakat pynte i dit hjem.\" \/>\n<meta property=\"og:url\" content=\"https:\/\/paperbois.dk\/en\/shop\/plakater\/byer\/palestine-plakat\/\" \/>\n<meta property=\"og:site_name\" content=\"Paperbois\" \/>\n<meta property=\"article:publisher\" content=\"https:\/\/www.facebook.com\/profile.php?id=100088512520001\" \/>\n<meta property=\"article:modified_time\" content=\"2026-03-21T12:05:58+00:00\" \/>\n<meta property=\"og:image\" content=\"https:\/\/paperbois.dk\/wp-content\/uploads\/2023\/11\/Palaestina-mock-up.jpg\" \/>\n\t<meta property=\"og:image:width\" content=\"1815\" \/>\n\t<meta property=\"og:image:height\" content=\"2364\" \/>\n\t<meta property=\"og:image:type\" content=\"image\/jpeg\" \/>\n<meta name=\"twitter:card\" content=\"summary_large_image\" \/>\n<meta name=\"twitter:label1\" content=\"Est. reading time\" \/>\n\t<meta name=\"twitter:data1\" content=\"1 minute\" \/>\n<script type=\"application\/ld+json\" class=\"yoast-schema-graph\">{\"@context\":\"https:\\\/\\\/schema.org\",\"@graph\":[{\"@type\":\"WebPage\",\"@id\":\"https:\\\/\\\/paperbois.dk\\\/shop\\\/plakater\\\/byer\\\/palestine-plakat\\\/\",\"url\":\"https:\\\/\\\/paperbois.dk\\\/shop\\\/plakater\\\/byer\\\/palestine-plakat\\\/\",\"name\":\"Palestine plakat | Paperbois\",\"isPartOf\":{\"@id\":\"https:\\\/\\\/paperbois.dk\\\/#website\"},\"primaryImageOfPage\":{\"@id\":\"https:\\\/\\\/paperbois.dk\\\/shop\\\/plakater\\\/byer\\\/palestine-plakat\\\/#primaryimage\"},\"image\":{\"@id\":\"https:\\\/\\\/paperbois.dk\\\/shop\\\/plakater\\\/byer\\\/palestine-plakat\\\/#primaryimage\"},\"thumbnailUrl\":\"https:\\\/\\\/paperbois.dk\\\/wp-content\\\/uploads\\\/2023\\\/11\\\/Palaestina-mock-up.jpg\",\"datePublished\":\"2023-11-29T16:04:36+00:00\",\"dateModified\":\"2026-03-21T12:05:58+00:00\",\"description\":\"We support Palestine! Og vi er supportere af art, frem for krig. Vis din st\u00f8tte eller lad v\u00e6r, uanset vil denne kunst plakat pynte i dit hjem.\",\"breadcrumb\":{\"@id\":\"https:\\\/\\\/paperbois.dk\\\/shop\\\/plakater\\\/byer\\\/palestine-plakat\\\/#breadcrumb\"},\"inLanguage\":\"en-US\",\"potentialAction\":[{\"@type\":\"ReadAction\",\"target\":[\"https:\\\/\\\/paperbois.dk\\\/shop\\\/plakater\\\/byer\\\/palestine-plakat\\\/\"]}]},{\"@type\":\"ImageObject\",\"inLanguage\":\"en-US\",\"@id\":\"https:\\\/\\\/paperbois.dk\\\/shop\\\/plakater\\\/byer\\\/palestine-plakat\\\/#primaryimage\",\"url\":\"https:\\\/\\\/paperbois.dk\\\/wp-content\\\/uploads\\\/2023\\\/11\\\/Palaestina-mock-up.jpg\",\"contentUrl\":\"https:\\\/\\\/paperbois.dk\\\/wp-content\\\/uploads\\\/2023\\\/11\\\/Palaestina-mock-up.jpg\",\"width\":1815,\"height\":2364,\"caption\":\"Palestine art poster\"},{\"@type\":\"BreadcrumbList\",\"@id\":\"https:\\\/\\\/paperbois.dk\\\/shop\\\/plakater\\\/byer\\\/palestine-plakat\\\/#breadcrumb\",\"itemListElement\":[{\"@type\":\"ListItem\",\"position\":1,\"name\":\"Hjem\",\"item\":\"https:\\\/\\\/paperbois.dk\\\/\"},{\"@type\":\"ListItem\",\"position\":2,\"name\":\"Shop\",\"item\":\"https:\\\/\\\/paperbois.dk\\\/shop\\\/\"},{\"@type\":\"ListItem\",\"position\":3,\"name\":\"Palestine plakat\"}]},{\"@type\":\"WebSite\",\"@id\":\"https:\\\/\\\/paperbois.dk\\\/#website\",\"url\":\"https:\\\/\\\/paperbois.dk\\\/\",\"name\":\"Paperbois\",\"description\":\"Plakater og kunst\",\"publisher\":{\"@id\":\"https:\\\/\\\/paperbois.dk\\\/#organization\"},\"potentialAction\":[{\"@type\":\"SearchAction\",\"target\":{\"@type\":\"EntryPoint\",\"urlTemplate\":\"https:\\\/\\\/paperbois.dk\\\/?s={search_term_string}\"},\"query-input\":{\"@type\":\"PropertyValueSpecification\",\"valueRequired\":true,\"valueName\":\"search_term_string\"}}],\"inLanguage\":\"en-US\"},{\"@type\":\"Organization\",\"@id\":\"https:\\\/\\\/paperbois.dk\\\/#organization\",\"name\":\"Paperbois\",\"url\":\"https:\\\/\\\/paperbois.dk\\\/\",\"logo\":{\"@type\":\"ImageObject\",\"inLanguage\":\"en-US\",\"@id\":\"https:\\\/\\\/paperbois.dk\\\/#\\\/schema\\\/logo\\\/image\\\/\",\"url\":\"https:\\\/\\\/paperbois.dk\\\/wp-content\\\/uploads\\\/2022\\\/08\\\/paperbois_website_logo_1.svg\",\"contentUrl\":\"https:\\\/\\\/paperbois.dk\\\/wp-content\\\/uploads\\\/2022\\\/08\\\/paperbois_website_logo_1.svg\",\"width\":1436,\"height\":340,\"caption\":\"Paperbois\"},\"image\":{\"@id\":\"https:\\\/\\\/paperbois.dk\\\/#\\\/schema\\\/logo\\\/image\\\/\"},\"sameAs\":[\"https:\\\/\\\/www.facebook.com\\\/profile.php?id=100088512520001\",\"https:\\\/\\\/www.instagram.com\\\/paperbois.dk\\\/\"]}]}<\/script>\n<!-- \/ Yoast SEO plugin. -->","yoast_head_json":{"title":"Palestine plakat | Paperbois","description":"We support Palestine! Og vi er supportere af art, frem for krig. Vis din st\u00f8tte eller lad v\u00e6r, uanset vil denne kunst plakat pynte i dit hjem.","robots":{"index":"index","follow":"follow","max-snippet":"max-snippet:-1","max-image-preview":"max-image-preview:large","max-video-preview":"max-video-preview:-1"},"canonical":"https:\/\/paperbois.dk\/en\/shop\/plakater\/byer\/palestine-plakat\/","og_locale":"en_US","og_type":"article","og_title":"Palestine plakat | Paperbois","og_description":"We support Palestine! Og vi er supportere af art, frem for krig. Vis din st\u00f8tte eller lad v\u00e6r, uanset vil denne kunst plakat pynte i dit hjem.","og_url":"https:\/\/paperbois.dk\/en\/shop\/plakater\/byer\/palestine-plakat\/","og_site_name":"Paperbois","article_publisher":"https:\/\/www.facebook.com\/profile.php?id=100088512520001","article_modified_time":"2026-03-21T12:05:58+00:00","og_image":[{"width":1815,"height":2364,"url":"https:\/\/paperbois.dk\/wp-content\/uploads\/2023\/11\/Palaestina-mock-up.jpg","type":"image\/jpeg"}],"twitter_card":"summary_large_image","twitter_misc":{"Est. reading time":"1 minute"},"schema":{"@context":"https:\/\/schema.org","@graph":[{"@type":"WebPage","@id":"https:\/\/paperbois.dk\/shop\/plakater\/byer\/palestine-plakat\/","url":"https:\/\/paperbois.dk\/shop\/plakater\/byer\/palestine-plakat\/","name":"Palestine plakat | Paperbois","isPartOf":{"@id":"https:\/\/paperbois.dk\/#website"},"primaryImageOfPage":{"@id":"https:\/\/paperbois.dk\/shop\/plakater\/byer\/palestine-plakat\/#primaryimage"},"image":{"@id":"https:\/\/paperbois.dk\/shop\/plakater\/byer\/palestine-plakat\/#primaryimage"},"thumbnailUrl":"https:\/\/paperbois.dk\/wp-content\/uploads\/2023\/11\/Palaestina-mock-up.jpg","datePublished":"2023-11-29T16:04:36+00:00","dateModified":"2026-03-21T12:05:58+00:00","description":"We support Palestine! Og vi er supportere af art, frem for krig. Vis din st\u00f8tte eller lad v\u00e6r, uanset vil denne kunst plakat pynte i dit hjem.","breadcrumb":{"@id":"https:\/\/paperbois.dk\/shop\/plakater\/byer\/palestine-plakat\/#breadcrumb"},"inLanguage":"en-US","potentialAction":[{"@type":"ReadAction","target":["https:\/\/paperbois.dk\/shop\/plakater\/byer\/palestine-plakat\/"]}]},{"@type":"ImageObject","inLanguage":"en-US","@id":"https:\/\/paperbois.dk\/shop\/plakater\/byer\/palestine-plakat\/#primaryimage","url":"https:\/\/paperbois.dk\/wp-content\/uploads\/2023\/11\/Palaestina-mock-up.jpg","contentUrl":"https:\/\/paperbois.dk\/wp-content\/uploads\/2023\/11\/Palaestina-mock-up.jpg","width":1815,"height":2364,"caption":"Palestine art poster"},{"@type":"BreadcrumbList","@id":"https:\/\/paperbois.dk\/shop\/plakater\/byer\/palestine-plakat\/#breadcrumb","itemListElement":[{"@type":"ListItem","position":1,"name":"Hjem","item":"https:\/\/paperbois.dk\/"},{"@type":"ListItem","position":2,"name":"Shop","item":"https:\/\/paperbois.dk\/shop\/"},{"@type":"ListItem","position":3,"name":"Palestine plakat"}]},{"@type":"WebSite","@id":"https:\/\/paperbois.dk\/#website","url":"https:\/\/paperbois.dk\/","name":"Paperbois","description":"Plakater og kunst","publisher":{"@id":"https:\/\/paperbois.dk\/#organization"},"potentialAction":[{"@type":"SearchAction","target":{"@type":"EntryPoint","urlTemplate":"https:\/\/paperbois.dk\/?s={search_term_string}"},"query-input":{"@type":"PropertyValueSpecification","valueRequired":true,"valueName":"search_term_string"}}],"inLanguage":"en-US"},{"@type":"Organization","@id":"https:\/\/paperbois.dk\/#organization","name":"Paperbois","url":"https:\/\/paperbois.dk\/","logo":{"@type":"ImageObject","inLanguage":"en-US","@id":"https:\/\/paperbois.dk\/#\/schema\/logo\/image\/","url":"https:\/\/paperbois.dk\/wp-content\/uploads\/2022\/08\/paperbois_website_logo_1.svg","contentUrl":"https:\/\/paperbois.dk\/wp-content\/uploads\/2022\/08\/paperbois_website_logo_1.svg","width":1436,"height":340,"caption":"Paperbois"},"image":{"@id":"https:\/\/paperbois.dk\/#\/schema\/logo\/image\/"},"sameAs":["https:\/\/www.facebook.com\/profile.php?id=100088512520001","https:\/\/www.instagram.com\/paperbois.dk\/"]}]}},"jetpack_sharing_enabled":true,"_links":{"self":[{"href":"https:\/\/paperbois.dk\/en\/wp-json\/wp\/v2\/product\/8510","targetHints":{"allow":["GET"]}}],"collection":[{"href":"https:\/\/paperbois.dk\/en\/wp-json\/wp\/v2\/product"}],"about":[{"href":"https:\/\/paperbois.dk\/en\/wp-json\/wp\/v2\/types\/product"}],"replies":[{"embeddable":true,"href":"https:\/\/paperbois.dk\/en\/wp-json\/wp\/v2\/comments?post=8510"}],"version-history":[{"count":0,"href":"https:\/\/paperbois.dk\/en\/wp-json\/wp\/v2\/product\/8510\/revisions"}],"wp:featuredmedia":[{"embeddable":true,"href":"https:\/\/paperbois.dk\/en\/wp-json\/wp\/v2\/media\/8536"}],"wp:attachment":[{"href":"https:\/\/paperbois.dk\/en\/wp-json\/wp\/v2\/media?parent=8510"}],"wp:term":[{"taxonomy":"product_brand","embeddable":true,"href":"https:\/\/paperbois.dk\/en\/wp-json\/wp\/v2\/product_brand?post=8510"},{"taxonomy":"product_cat","embeddable":true,"href":"https:\/\/paperbois.dk\/en\/wp-json\/wp\/v2\/product_cat?post=8510"},{"taxonomy":"product_tag","embeddable":true,"href":"https:\/\/paperbois.dk\/en\/wp-json\/wp\/v2\/product_tag?post=8510"}],"curies":[{"name":"wp","href":"https:\/\/api.w.org\/{rel}","templated":true}]}}