{"id":6311,"date":"2023-05-16T08:54:44","date_gmt":"2023-05-16T08:54:44","guid":{"rendered":"https:\/\/paperbois.dk\/?post_type=product&#038;p=6311"},"modified":"2023-12-13T10:03:10","modified_gmt":"2023-12-13T10:03:10","slug":"white-lines-2-plakat","status":"publish","type":"product","link":"https:\/\/paperbois.dk\/en\/shop\/plakater\/originals\/white-lines-2-plakat\/","title":{"rendered":"White Lines 2 poster"},"content":{"rendered":"<p><img fetchpriority=\"high\" decoding=\"async\" class=\"alignnone wp-image-6306 size-full\" src=\"https:\/\/paperbois.dk\/wp-content\/uploads\/2023\/05\/White_Lines_Wall-scaled.jpg\" alt=\"White lines plakat\" width=\"2560\" height=\"1760\" srcset=\"https:\/\/paperbois.dk\/wp-content\/uploads\/2023\/05\/White_Lines_Wall-scaled.jpg 2560w, https:\/\/paperbois.dk\/wp-content\/uploads\/2023\/05\/White_Lines_Wall-scaled-600x413.jpg 600w, https:\/\/paperbois.dk\/wp-content\/uploads\/2023\/05\/White_Lines_Wall-300x206.jpg 300w, https:\/\/paperbois.dk\/wp-content\/uploads\/2023\/05\/White_Lines_Wall-1024x704.jpg 1024w, https:\/\/paperbois.dk\/wp-content\/uploads\/2023\/05\/White_Lines_Wall-768x528.jpg 768w, https:\/\/paperbois.dk\/wp-content\/uploads\/2023\/05\/White_Lines_Wall-1536x1056.jpg 1536w, https:\/\/paperbois.dk\/wp-content\/uploads\/2023\/05\/White_Lines_Wall-2048x1408.jpg 2048w, https:\/\/paperbois.dk\/wp-content\/uploads\/2023\/05\/White_Lines_Wall-18x12.jpg 18w\" sizes=\"(max-width: 2560px) 100vw, 2560px\" \/><\/p>","protected":false},"excerpt":{"rendered":"<p>Illustration of asymmetric pattern with a blue background. Simple and elegant poster that fits into most homes. Trendy print with a modern look, perfect for a creative home. Comes in 4 standard sizes. Throw the poster in a light wooden frame for a stylish look.<\/p>","protected":false},"featured_media":6335,"comment_status":"open","ping_status":"closed","template":"","meta":{"inline_featured_image":false},"product_brand":[],"product_cat":[243],"product_tag":[280],"class_list":{"0":"post-6311","1":"product","2":"type-product","3":"status-publish","4":"has-post-thumbnail","6":"product_cat-originals","7":"product_tag-geometri","8":"pa_artist-paperbois","9":"pa_farve-blaa","10":"pa_farve-hvid","11":"pa_ramme-hvid-egetrae","12":"pa_ramme-ingen","13":"pa_ramme-lys-egetrae","14":"pa_ramme-moerk-egetrae","15":"pa_ramme-sort-egetrae","16":"pa_stoerrelse-50x70","17":"pa_stoerrelse-70x100","18":"pa_stoerrelse-a3","19":"pa_stoerrelse-a4","21":"first","22":"instock","23":"sale","24":"taxable","25":"shipping-taxable","26":"purchasable","27":"product-type-variable","28":"has-default-attributes"},"yoast_head":"<!-- This site is optimized with the Yoast SEO plugin v27.5 - https:\/\/yoast.com\/product\/yoast-seo-wordpress\/ -->\n<title>White Lines 2 plakat | Paperbois<\/title>\n<meta name=\"description\" content=\"Ilustration af asymmetrisk m\u00f8nster med en bl\u00e5 baggrund. En elegant plakat som passer ind i de fleste hjem. Smid plakaten i en tr\u00e6ramme for et stylish look.\" \/>\n<meta name=\"robots\" content=\"index, follow, max-snippet:-1, max-image-preview:large, max-video-preview:-1\" \/>\n<link rel=\"canonical\" href=\"https:\/\/paperbois.dk\/en\/shop\/plakater\/originals\/white-lines-2-plakat\/\" \/>\n<meta property=\"og:locale\" content=\"en_US\" \/>\n<meta property=\"og:type\" content=\"article\" \/>\n<meta property=\"og:title\" content=\"White Lines 2 plakat | Paperbois\" \/>\n<meta property=\"og:description\" content=\"Ilustration af asymmetrisk m\u00f8nster med en bl\u00e5 baggrund. En elegant plakat som passer ind i de fleste hjem. Smid plakaten i en tr\u00e6ramme for et stylish look.\" \/>\n<meta property=\"og:url\" content=\"https:\/\/paperbois.dk\/en\/shop\/plakater\/originals\/white-lines-2-plakat\/\" \/>\n<meta property=\"og:site_name\" content=\"Paperbois\" \/>\n<meta property=\"article:publisher\" content=\"https:\/\/www.facebook.com\/profile.php?id=100088512520001\" \/>\n<meta property=\"article:modified_time\" content=\"2023-12-13T10:03:10+00:00\" \/>\n<meta property=\"og:image\" content=\"https:\/\/paperbois.dk\/wp-content\/uploads\/2023\/04\/white-lines-2.jpg\" \/>\n\t<meta property=\"og:image:width\" content=\"1815\" \/>\n\t<meta property=\"og:image:height\" content=\"2364\" \/>\n\t<meta property=\"og:image:type\" content=\"image\/jpeg\" \/>\n<meta name=\"twitter:card\" content=\"summary_large_image\" \/>\n<meta name=\"twitter:label1\" content=\"Est. reading time\" \/>\n\t<meta name=\"twitter:data1\" content=\"1 minute\" \/>\n<script type=\"application\/ld+json\" class=\"yoast-schema-graph\">{\"@context\":\"https:\\\/\\\/schema.org\",\"@graph\":[{\"@type\":\"WebPage\",\"@id\":\"https:\\\/\\\/paperbois.dk\\\/shop\\\/plakater\\\/originals\\\/white-lines-2-plakat\\\/\",\"url\":\"https:\\\/\\\/paperbois.dk\\\/shop\\\/plakater\\\/originals\\\/white-lines-2-plakat\\\/\",\"name\":\"White Lines 2 plakat | Paperbois\",\"isPartOf\":{\"@id\":\"https:\\\/\\\/paperbois.dk\\\/#website\"},\"primaryImageOfPage\":{\"@id\":\"https:\\\/\\\/paperbois.dk\\\/shop\\\/plakater\\\/originals\\\/white-lines-2-plakat\\\/#primaryimage\"},\"image\":{\"@id\":\"https:\\\/\\\/paperbois.dk\\\/shop\\\/plakater\\\/originals\\\/white-lines-2-plakat\\\/#primaryimage\"},\"thumbnailUrl\":\"https:\\\/\\\/paperbois.dk\\\/wp-content\\\/uploads\\\/2023\\\/04\\\/white-lines-2.jpg\",\"datePublished\":\"2023-05-16T08:54:44+00:00\",\"dateModified\":\"2023-12-13T10:03:10+00:00\",\"description\":\"Ilustration af asymmetrisk m\u00f8nster med en bl\u00e5 baggrund. En elegant plakat som passer ind i de fleste hjem. Smid plakaten i en tr\u00e6ramme for et stylish look.\",\"breadcrumb\":{\"@id\":\"https:\\\/\\\/paperbois.dk\\\/shop\\\/plakater\\\/originals\\\/white-lines-2-plakat\\\/#breadcrumb\"},\"inLanguage\":\"en-US\",\"potentialAction\":[{\"@type\":\"ReadAction\",\"target\":[\"https:\\\/\\\/paperbois.dk\\\/shop\\\/plakater\\\/originals\\\/white-lines-2-plakat\\\/\"]}]},{\"@type\":\"ImageObject\",\"inLanguage\":\"en-US\",\"@id\":\"https:\\\/\\\/paperbois.dk\\\/shop\\\/plakater\\\/originals\\\/white-lines-2-plakat\\\/#primaryimage\",\"url\":\"https:\\\/\\\/paperbois.dk\\\/wp-content\\\/uploads\\\/2023\\\/04\\\/white-lines-2.jpg\",\"contentUrl\":\"https:\\\/\\\/paperbois.dk\\\/wp-content\\\/uploads\\\/2023\\\/04\\\/white-lines-2.jpg\",\"width\":1815,\"height\":2364},{\"@type\":\"BreadcrumbList\",\"@id\":\"https:\\\/\\\/paperbois.dk\\\/shop\\\/plakater\\\/originals\\\/white-lines-2-plakat\\\/#breadcrumb\",\"itemListElement\":[{\"@type\":\"ListItem\",\"position\":1,\"name\":\"Hjem\",\"item\":\"https:\\\/\\\/paperbois.dk\\\/\"},{\"@type\":\"ListItem\",\"position\":2,\"name\":\"Shop\",\"item\":\"https:\\\/\\\/paperbois.dk\\\/shop\\\/\"},{\"@type\":\"ListItem\",\"position\":3,\"name\":\"White Lines 2 plakat\"}]},{\"@type\":\"WebSite\",\"@id\":\"https:\\\/\\\/paperbois.dk\\\/#website\",\"url\":\"https:\\\/\\\/paperbois.dk\\\/\",\"name\":\"Paperbois\",\"description\":\"Plakater og kunst\",\"publisher\":{\"@id\":\"https:\\\/\\\/paperbois.dk\\\/#organization\"},\"potentialAction\":[{\"@type\":\"SearchAction\",\"target\":{\"@type\":\"EntryPoint\",\"urlTemplate\":\"https:\\\/\\\/paperbois.dk\\\/?s={search_term_string}\"},\"query-input\":{\"@type\":\"PropertyValueSpecification\",\"valueRequired\":true,\"valueName\":\"search_term_string\"}}],\"inLanguage\":\"en-US\"},{\"@type\":\"Organization\",\"@id\":\"https:\\\/\\\/paperbois.dk\\\/#organization\",\"name\":\"Paperbois\",\"url\":\"https:\\\/\\\/paperbois.dk\\\/\",\"logo\":{\"@type\":\"ImageObject\",\"inLanguage\":\"en-US\",\"@id\":\"https:\\\/\\\/paperbois.dk\\\/#\\\/schema\\\/logo\\\/image\\\/\",\"url\":\"https:\\\/\\\/paperbois.dk\\\/wp-content\\\/uploads\\\/2022\\\/08\\\/paperbois_website_logo_1.svg\",\"contentUrl\":\"https:\\\/\\\/paperbois.dk\\\/wp-content\\\/uploads\\\/2022\\\/08\\\/paperbois_website_logo_1.svg\",\"width\":1436,\"height\":340,\"caption\":\"Paperbois\"},\"image\":{\"@id\":\"https:\\\/\\\/paperbois.dk\\\/#\\\/schema\\\/logo\\\/image\\\/\"},\"sameAs\":[\"https:\\\/\\\/www.facebook.com\\\/profile.php?id=100088512520001\",\"https:\\\/\\\/www.instagram.com\\\/paperbois.dk\\\/\"]}]}<\/script>\n<!-- \/ Yoast SEO plugin. -->","yoast_head_json":{"title":"White Lines 2 plakat | Paperbois","description":"Ilustration af asymmetrisk m\u00f8nster med en bl\u00e5 baggrund. En elegant plakat som passer ind i de fleste hjem. Smid plakaten i en tr\u00e6ramme for et stylish look.","robots":{"index":"index","follow":"follow","max-snippet":"max-snippet:-1","max-image-preview":"max-image-preview:large","max-video-preview":"max-video-preview:-1"},"canonical":"https:\/\/paperbois.dk\/en\/shop\/plakater\/originals\/white-lines-2-plakat\/","og_locale":"en_US","og_type":"article","og_title":"White Lines 2 plakat | Paperbois","og_description":"Ilustration af asymmetrisk m\u00f8nster med en bl\u00e5 baggrund. En elegant plakat som passer ind i de fleste hjem. Smid plakaten i en tr\u00e6ramme for et stylish look.","og_url":"https:\/\/paperbois.dk\/en\/shop\/plakater\/originals\/white-lines-2-plakat\/","og_site_name":"Paperbois","article_publisher":"https:\/\/www.facebook.com\/profile.php?id=100088512520001","article_modified_time":"2023-12-13T10:03:10+00:00","og_image":[{"width":1815,"height":2364,"url":"https:\/\/paperbois.dk\/wp-content\/uploads\/2023\/04\/white-lines-2.jpg","type":"image\/jpeg"}],"twitter_card":"summary_large_image","twitter_misc":{"Est. reading time":"1 minute"},"schema":{"@context":"https:\/\/schema.org","@graph":[{"@type":"WebPage","@id":"https:\/\/paperbois.dk\/shop\/plakater\/originals\/white-lines-2-plakat\/","url":"https:\/\/paperbois.dk\/shop\/plakater\/originals\/white-lines-2-plakat\/","name":"White Lines 2 plakat | Paperbois","isPartOf":{"@id":"https:\/\/paperbois.dk\/#website"},"primaryImageOfPage":{"@id":"https:\/\/paperbois.dk\/shop\/plakater\/originals\/white-lines-2-plakat\/#primaryimage"},"image":{"@id":"https:\/\/paperbois.dk\/shop\/plakater\/originals\/white-lines-2-plakat\/#primaryimage"},"thumbnailUrl":"https:\/\/paperbois.dk\/wp-content\/uploads\/2023\/04\/white-lines-2.jpg","datePublished":"2023-05-16T08:54:44+00:00","dateModified":"2023-12-13T10:03:10+00:00","description":"Ilustration af asymmetrisk m\u00f8nster med en bl\u00e5 baggrund. En elegant plakat som passer ind i de fleste hjem. Smid plakaten i en tr\u00e6ramme for et stylish look.","breadcrumb":{"@id":"https:\/\/paperbois.dk\/shop\/plakater\/originals\/white-lines-2-plakat\/#breadcrumb"},"inLanguage":"en-US","potentialAction":[{"@type":"ReadAction","target":["https:\/\/paperbois.dk\/shop\/plakater\/originals\/white-lines-2-plakat\/"]}]},{"@type":"ImageObject","inLanguage":"en-US","@id":"https:\/\/paperbois.dk\/shop\/plakater\/originals\/white-lines-2-plakat\/#primaryimage","url":"https:\/\/paperbois.dk\/wp-content\/uploads\/2023\/04\/white-lines-2.jpg","contentUrl":"https:\/\/paperbois.dk\/wp-content\/uploads\/2023\/04\/white-lines-2.jpg","width":1815,"height":2364},{"@type":"BreadcrumbList","@id":"https:\/\/paperbois.dk\/shop\/plakater\/originals\/white-lines-2-plakat\/#breadcrumb","itemListElement":[{"@type":"ListItem","position":1,"name":"Hjem","item":"https:\/\/paperbois.dk\/"},{"@type":"ListItem","position":2,"name":"Shop","item":"https:\/\/paperbois.dk\/shop\/"},{"@type":"ListItem","position":3,"name":"White Lines 2 plakat"}]},{"@type":"WebSite","@id":"https:\/\/paperbois.dk\/#website","url":"https:\/\/paperbois.dk\/","name":"Paperbois","description":"Plakater og kunst","publisher":{"@id":"https:\/\/paperbois.dk\/#organization"},"potentialAction":[{"@type":"SearchAction","target":{"@type":"EntryPoint","urlTemplate":"https:\/\/paperbois.dk\/?s={search_term_string}"},"query-input":{"@type":"PropertyValueSpecification","valueRequired":true,"valueName":"search_term_string"}}],"inLanguage":"en-US"},{"@type":"Organization","@id":"https:\/\/paperbois.dk\/#organization","name":"Paperbois","url":"https:\/\/paperbois.dk\/","logo":{"@type":"ImageObject","inLanguage":"en-US","@id":"https:\/\/paperbois.dk\/#\/schema\/logo\/image\/","url":"https:\/\/paperbois.dk\/wp-content\/uploads\/2022\/08\/paperbois_website_logo_1.svg","contentUrl":"https:\/\/paperbois.dk\/wp-content\/uploads\/2022\/08\/paperbois_website_logo_1.svg","width":1436,"height":340,"caption":"Paperbois"},"image":{"@id":"https:\/\/paperbois.dk\/#\/schema\/logo\/image\/"},"sameAs":["https:\/\/www.facebook.com\/profile.php?id=100088512520001","https:\/\/www.instagram.com\/paperbois.dk\/"]}]}},"jetpack_sharing_enabled":true,"_links":{"self":[{"href":"https:\/\/paperbois.dk\/en\/wp-json\/wp\/v2\/product\/6311","targetHints":{"allow":["GET"]}}],"collection":[{"href":"https:\/\/paperbois.dk\/en\/wp-json\/wp\/v2\/product"}],"about":[{"href":"https:\/\/paperbois.dk\/en\/wp-json\/wp\/v2\/types\/product"}],"replies":[{"embeddable":true,"href":"https:\/\/paperbois.dk\/en\/wp-json\/wp\/v2\/comments?post=6311"}],"version-history":[{"count":0,"href":"https:\/\/paperbois.dk\/en\/wp-json\/wp\/v2\/product\/6311\/revisions"}],"wp:featuredmedia":[{"embeddable":true,"href":"https:\/\/paperbois.dk\/en\/wp-json\/wp\/v2\/media\/6335"}],"wp:attachment":[{"href":"https:\/\/paperbois.dk\/en\/wp-json\/wp\/v2\/media?parent=6311"}],"wp:term":[{"taxonomy":"product_brand","embeddable":true,"href":"https:\/\/paperbois.dk\/en\/wp-json\/wp\/v2\/product_brand?post=6311"},{"taxonomy":"product_cat","embeddable":true,"href":"https:\/\/paperbois.dk\/en\/wp-json\/wp\/v2\/product_cat?post=6311"},{"taxonomy":"product_tag","embeddable":true,"href":"https:\/\/paperbois.dk\/en\/wp-json\/wp\/v2\/product_tag?post=6311"}],"curies":[{"name":"wp","href":"https:\/\/api.w.org\/{rel}","templated":true}]}}