{"id":2728,"date":"2022-12-12T09:15:28","date_gmt":"2022-12-12T09:15:28","guid":{"rendered":"https:\/\/paperbois.dk\/?post_type=product&#038;p=2728"},"modified":"2023-08-28T12:23:03","modified_gmt":"2023-08-28T12:23:03","slug":"busbillet","status":"publish","type":"product","link":"https:\/\/paperbois.dk\/en\/shop\/plakater\/byer\/busbillet\/","title":{"rendered":"Bus ticket poster"},"content":{"rendered":"<p><img fetchpriority=\"high\" decoding=\"async\" class=\"alignnone size-full wp-image-2733\" src=\"https:\/\/paperbois.dk\/wp-content\/uploads\/2022\/12\/Bus_Billet_03-scaled.jpg\" alt=\"\" width=\"2560\" height=\"1707\" \/><\/p>","protected":false},"excerpt":{"rendered":"<p>On 22 April 1972, line 5 ran for the last time as a tram, and thus the entire tram operation was terminated after 109 years in Copenhagen. The buses had taken over. On this occasion, Copenhagen&#039;s Sporveje issued a special ticket on this special day. The graphic poster exudes history, at the same time with a modern touch.<\/p>","protected":false},"featured_media":2792,"comment_status":"open","ping_status":"closed","template":"","meta":{"inline_featured_image":false},"product_brand":[],"product_cat":[151],"product_tag":[221,222,387,206,374],"class_list":{"0":"post-2728","1":"product","2":"type-product","3":"status-publish","4":"has-post-thumbnail","6":"product_cat-byer","7":"product_tag-billet","8":"product_tag-bus","9":"product_tag-danmark","10":"product_tag-koebenhavn","11":"product_tag-plakater-med-tekst","12":"pa_artist-paperbois","13":"pa_farve-gul","14":"pa_farve-orange","15":"pa_farve-sort","16":"pa_ramme-hvid-egetrae","17":"pa_ramme-ingen","18":"pa_ramme-lys-egetrae","19":"pa_ramme-moerk-egetrae","20":"pa_ramme-sort-egetrae","21":"pa_stoerrelse-50x70","22":"pa_stoerrelse-70x100","23":"pa_stoerrelse-a3","24":"pa_stoerrelse-a4","26":"first","27":"instock","28":"taxable","29":"shipping-taxable","30":"purchasable","31":"product-type-variable","32":"has-default-attributes"},"yoast_head":"<!-- This site is optimized with the Yoast SEO plugin v27.5 - https:\/\/yoast.com\/product\/yoast-seo-wordpress\/ -->\n<title>Busbillet plakat | Paperbois | Plakater<\/title>\n<meta name=\"description\" content=\"Den 22. april 1972 k\u00f8rte linje 5 for sidste gang som sporvogn. I denne anledning udsendte K\u00f8benhavns Sporveje en s\u00e6rbillet p\u00e5 denne s\u00e6rlig dag.\" \/>\n<meta name=\"robots\" content=\"index, follow, max-snippet:-1, max-image-preview:large, max-video-preview:-1\" \/>\n<link rel=\"canonical\" href=\"https:\/\/paperbois.dk\/en\/shop\/plakater\/byer\/busbillet\/\" \/>\n<meta property=\"og:locale\" content=\"en_US\" \/>\n<meta property=\"og:type\" content=\"article\" \/>\n<meta property=\"og:title\" content=\"Busbillet plakat | Paperbois | Plakater\" \/>\n<meta property=\"og:description\" content=\"Den 22. april 1972 k\u00f8rte linje 5 for sidste gang som sporvogn. I denne anledning udsendte K\u00f8benhavns Sporveje en s\u00e6rbillet p\u00e5 denne s\u00e6rlig dag.\" \/>\n<meta property=\"og:url\" content=\"https:\/\/paperbois.dk\/en\/shop\/plakater\/byer\/busbillet\/\" \/>\n<meta property=\"og:site_name\" content=\"Paperbois\" \/>\n<meta property=\"article:publisher\" content=\"https:\/\/www.facebook.com\/profile.php?id=100088512520001\" \/>\n<meta property=\"article:modified_time\" content=\"2023-08-28T12:23:03+00:00\" \/>\n<meta property=\"og:image\" content=\"https:\/\/paperbois.dk\/wp-content\/uploads\/2022\/12\/Bus_Billet_01-NY-e1675944863909.jpg\" \/>\n\t<meta property=\"og:image:width\" content=\"1075\" \/>\n\t<meta property=\"og:image:height\" content=\"1400\" \/>\n\t<meta property=\"og:image:type\" content=\"image\/jpeg\" \/>\n<meta name=\"twitter:card\" content=\"summary_large_image\" \/>\n<meta name=\"twitter:label1\" content=\"Est. reading time\" \/>\n\t<meta name=\"twitter:data1\" content=\"1 minute\" \/>\n<script type=\"application\/ld+json\" class=\"yoast-schema-graph\">{\"@context\":\"https:\\\/\\\/schema.org\",\"@graph\":[{\"@type\":\"WebPage\",\"@id\":\"https:\\\/\\\/paperbois.dk\\\/shop\\\/plakater\\\/byer\\\/busbillet\\\/\",\"url\":\"https:\\\/\\\/paperbois.dk\\\/shop\\\/plakater\\\/byer\\\/busbillet\\\/\",\"name\":\"Busbillet plakat | Paperbois | Plakater\",\"isPartOf\":{\"@id\":\"https:\\\/\\\/paperbois.dk\\\/#website\"},\"primaryImageOfPage\":{\"@id\":\"https:\\\/\\\/paperbois.dk\\\/shop\\\/plakater\\\/byer\\\/busbillet\\\/#primaryimage\"},\"image\":{\"@id\":\"https:\\\/\\\/paperbois.dk\\\/shop\\\/plakater\\\/byer\\\/busbillet\\\/#primaryimage\"},\"thumbnailUrl\":\"https:\\\/\\\/paperbois.dk\\\/wp-content\\\/uploads\\\/2022\\\/12\\\/Bus_Billet_01-NY-e1675944863909.jpg\",\"datePublished\":\"2022-12-12T09:15:28+00:00\",\"dateModified\":\"2023-08-28T12:23:03+00:00\",\"description\":\"Den 22. april 1972 k\u00f8rte linje 5 for sidste gang som sporvogn. I denne anledning udsendte K\u00f8benhavns Sporveje en s\u00e6rbillet p\u00e5 denne s\u00e6rlig dag.\",\"breadcrumb\":{\"@id\":\"https:\\\/\\\/paperbois.dk\\\/shop\\\/plakater\\\/byer\\\/busbillet\\\/#breadcrumb\"},\"inLanguage\":\"en-US\",\"potentialAction\":[{\"@type\":\"ReadAction\",\"target\":[\"https:\\\/\\\/paperbois.dk\\\/shop\\\/plakater\\\/byer\\\/busbillet\\\/\"]}]},{\"@type\":\"ImageObject\",\"inLanguage\":\"en-US\",\"@id\":\"https:\\\/\\\/paperbois.dk\\\/shop\\\/plakater\\\/byer\\\/busbillet\\\/#primaryimage\",\"url\":\"https:\\\/\\\/paperbois.dk\\\/wp-content\\\/uploads\\\/2022\\\/12\\\/Bus_Billet_01-NY-e1675944863909.jpg\",\"contentUrl\":\"https:\\\/\\\/paperbois.dk\\\/wp-content\\\/uploads\\\/2022\\\/12\\\/Bus_Billet_01-NY-e1675944863909.jpg\",\"width\":1075,\"height\":1400},{\"@type\":\"BreadcrumbList\",\"@id\":\"https:\\\/\\\/paperbois.dk\\\/shop\\\/plakater\\\/byer\\\/busbillet\\\/#breadcrumb\",\"itemListElement\":[{\"@type\":\"ListItem\",\"position\":1,\"name\":\"Hjem\",\"item\":\"https:\\\/\\\/paperbois.dk\\\/\"},{\"@type\":\"ListItem\",\"position\":2,\"name\":\"Shop\",\"item\":\"https:\\\/\\\/paperbois.dk\\\/shop\\\/\"},{\"@type\":\"ListItem\",\"position\":3,\"name\":\"Busbillet plakat\"}]},{\"@type\":\"WebSite\",\"@id\":\"https:\\\/\\\/paperbois.dk\\\/#website\",\"url\":\"https:\\\/\\\/paperbois.dk\\\/\",\"name\":\"Paperbois\",\"description\":\"Plakater og kunst\",\"publisher\":{\"@id\":\"https:\\\/\\\/paperbois.dk\\\/#organization\"},\"potentialAction\":[{\"@type\":\"SearchAction\",\"target\":{\"@type\":\"EntryPoint\",\"urlTemplate\":\"https:\\\/\\\/paperbois.dk\\\/?s={search_term_string}\"},\"query-input\":{\"@type\":\"PropertyValueSpecification\",\"valueRequired\":true,\"valueName\":\"search_term_string\"}}],\"inLanguage\":\"en-US\"},{\"@type\":\"Organization\",\"@id\":\"https:\\\/\\\/paperbois.dk\\\/#organization\",\"name\":\"Paperbois\",\"url\":\"https:\\\/\\\/paperbois.dk\\\/\",\"logo\":{\"@type\":\"ImageObject\",\"inLanguage\":\"en-US\",\"@id\":\"https:\\\/\\\/paperbois.dk\\\/#\\\/schema\\\/logo\\\/image\\\/\",\"url\":\"https:\\\/\\\/paperbois.dk\\\/wp-content\\\/uploads\\\/2022\\\/08\\\/paperbois_website_logo_1.svg\",\"contentUrl\":\"https:\\\/\\\/paperbois.dk\\\/wp-content\\\/uploads\\\/2022\\\/08\\\/paperbois_website_logo_1.svg\",\"width\":1436,\"height\":340,\"caption\":\"Paperbois\"},\"image\":{\"@id\":\"https:\\\/\\\/paperbois.dk\\\/#\\\/schema\\\/logo\\\/image\\\/\"},\"sameAs\":[\"https:\\\/\\\/www.facebook.com\\\/profile.php?id=100088512520001\",\"https:\\\/\\\/www.instagram.com\\\/paperbois.dk\\\/\"]}]}<\/script>\n<!-- \/ Yoast SEO plugin. -->","yoast_head_json":{"title":"Busbillet plakat | Paperbois | Plakater","description":"Den 22. april 1972 k\u00f8rte linje 5 for sidste gang som sporvogn. I denne anledning udsendte K\u00f8benhavns Sporveje en s\u00e6rbillet p\u00e5 denne s\u00e6rlig dag.","robots":{"index":"index","follow":"follow","max-snippet":"max-snippet:-1","max-image-preview":"max-image-preview:large","max-video-preview":"max-video-preview:-1"},"canonical":"https:\/\/paperbois.dk\/en\/shop\/plakater\/byer\/busbillet\/","og_locale":"en_US","og_type":"article","og_title":"Busbillet plakat | Paperbois | Plakater","og_description":"Den 22. april 1972 k\u00f8rte linje 5 for sidste gang som sporvogn. I denne anledning udsendte K\u00f8benhavns Sporveje en s\u00e6rbillet p\u00e5 denne s\u00e6rlig dag.","og_url":"https:\/\/paperbois.dk\/en\/shop\/plakater\/byer\/busbillet\/","og_site_name":"Paperbois","article_publisher":"https:\/\/www.facebook.com\/profile.php?id=100088512520001","article_modified_time":"2023-08-28T12:23:03+00:00","og_image":[{"width":1075,"height":1400,"url":"https:\/\/paperbois.dk\/wp-content\/uploads\/2022\/12\/Bus_Billet_01-NY-e1675944863909.jpg","type":"image\/jpeg"}],"twitter_card":"summary_large_image","twitter_misc":{"Est. reading time":"1 minute"},"schema":{"@context":"https:\/\/schema.org","@graph":[{"@type":"WebPage","@id":"https:\/\/paperbois.dk\/shop\/plakater\/byer\/busbillet\/","url":"https:\/\/paperbois.dk\/shop\/plakater\/byer\/busbillet\/","name":"Busbillet plakat | Paperbois | Plakater","isPartOf":{"@id":"https:\/\/paperbois.dk\/#website"},"primaryImageOfPage":{"@id":"https:\/\/paperbois.dk\/shop\/plakater\/byer\/busbillet\/#primaryimage"},"image":{"@id":"https:\/\/paperbois.dk\/shop\/plakater\/byer\/busbillet\/#primaryimage"},"thumbnailUrl":"https:\/\/paperbois.dk\/wp-content\/uploads\/2022\/12\/Bus_Billet_01-NY-e1675944863909.jpg","datePublished":"2022-12-12T09:15:28+00:00","dateModified":"2023-08-28T12:23:03+00:00","description":"Den 22. april 1972 k\u00f8rte linje 5 for sidste gang som sporvogn. I denne anledning udsendte K\u00f8benhavns Sporveje en s\u00e6rbillet p\u00e5 denne s\u00e6rlig dag.","breadcrumb":{"@id":"https:\/\/paperbois.dk\/shop\/plakater\/byer\/busbillet\/#breadcrumb"},"inLanguage":"en-US","potentialAction":[{"@type":"ReadAction","target":["https:\/\/paperbois.dk\/shop\/plakater\/byer\/busbillet\/"]}]},{"@type":"ImageObject","inLanguage":"en-US","@id":"https:\/\/paperbois.dk\/shop\/plakater\/byer\/busbillet\/#primaryimage","url":"https:\/\/paperbois.dk\/wp-content\/uploads\/2022\/12\/Bus_Billet_01-NY-e1675944863909.jpg","contentUrl":"https:\/\/paperbois.dk\/wp-content\/uploads\/2022\/12\/Bus_Billet_01-NY-e1675944863909.jpg","width":1075,"height":1400},{"@type":"BreadcrumbList","@id":"https:\/\/paperbois.dk\/shop\/plakater\/byer\/busbillet\/#breadcrumb","itemListElement":[{"@type":"ListItem","position":1,"name":"Hjem","item":"https:\/\/paperbois.dk\/"},{"@type":"ListItem","position":2,"name":"Shop","item":"https:\/\/paperbois.dk\/shop\/"},{"@type":"ListItem","position":3,"name":"Busbillet plakat"}]},{"@type":"WebSite","@id":"https:\/\/paperbois.dk\/#website","url":"https:\/\/paperbois.dk\/","name":"Paperbois","description":"Plakater og kunst","publisher":{"@id":"https:\/\/paperbois.dk\/#organization"},"potentialAction":[{"@type":"SearchAction","target":{"@type":"EntryPoint","urlTemplate":"https:\/\/paperbois.dk\/?s={search_term_string}"},"query-input":{"@type":"PropertyValueSpecification","valueRequired":true,"valueName":"search_term_string"}}],"inLanguage":"en-US"},{"@type":"Organization","@id":"https:\/\/paperbois.dk\/#organization","name":"Paperbois","url":"https:\/\/paperbois.dk\/","logo":{"@type":"ImageObject","inLanguage":"en-US","@id":"https:\/\/paperbois.dk\/#\/schema\/logo\/image\/","url":"https:\/\/paperbois.dk\/wp-content\/uploads\/2022\/08\/paperbois_website_logo_1.svg","contentUrl":"https:\/\/paperbois.dk\/wp-content\/uploads\/2022\/08\/paperbois_website_logo_1.svg","width":1436,"height":340,"caption":"Paperbois"},"image":{"@id":"https:\/\/paperbois.dk\/#\/schema\/logo\/image\/"},"sameAs":["https:\/\/www.facebook.com\/profile.php?id=100088512520001","https:\/\/www.instagram.com\/paperbois.dk\/"]}]}},"jetpack_sharing_enabled":true,"_links":{"self":[{"href":"https:\/\/paperbois.dk\/en\/wp-json\/wp\/v2\/product\/2728","targetHints":{"allow":["GET"]}}],"collection":[{"href":"https:\/\/paperbois.dk\/en\/wp-json\/wp\/v2\/product"}],"about":[{"href":"https:\/\/paperbois.dk\/en\/wp-json\/wp\/v2\/types\/product"}],"replies":[{"embeddable":true,"href":"https:\/\/paperbois.dk\/en\/wp-json\/wp\/v2\/comments?post=2728"}],"version-history":[{"count":0,"href":"https:\/\/paperbois.dk\/en\/wp-json\/wp\/v2\/product\/2728\/revisions"}],"wp:featuredmedia":[{"embeddable":true,"href":"https:\/\/paperbois.dk\/en\/wp-json\/wp\/v2\/media\/2792"}],"wp:attachment":[{"href":"https:\/\/paperbois.dk\/en\/wp-json\/wp\/v2\/media?parent=2728"}],"wp:term":[{"taxonomy":"product_brand","embeddable":true,"href":"https:\/\/paperbois.dk\/en\/wp-json\/wp\/v2\/product_brand?post=2728"},{"taxonomy":"product_cat","embeddable":true,"href":"https:\/\/paperbois.dk\/en\/wp-json\/wp\/v2\/product_cat?post=2728"},{"taxonomy":"product_tag","embeddable":true,"href":"https:\/\/paperbois.dk\/en\/wp-json\/wp\/v2\/product_tag?post=2728"}],"curies":[{"name":"wp","href":"https:\/\/api.w.org\/{rel}","templated":true}]}}